{"id":208,"date":"2025-04-30T16:42:52","date_gmt":"2025-04-30T19:42:52","guid":{"rendered":"https:\/\/carvalhoefreire.com.br\/?page_id=208"},"modified":"2025-05-20T11:59:09","modified_gmt":"2025-05-20T14:59:09","slug":"acompanhe-seu-processo","status":"publish","type":"page","link":"https:\/\/carvalhoefreire.com.br\/en\/acompanhe-seu-processo\/","title":{"rendered":"Track your case"},"content":{"rendered":"<div data-elementor-type=\"wp-page\" data-elementor-id=\"208\" class=\"elementor elementor-208\">\n\t\t\t\t<div class=\"elementor-element elementor-element-6bf1e5b e-flex e-con-boxed wpr-particle-no wpr-jarallax-no wpr-parallax-no wpr-sticky-section-no e-con e-parent\" data-id=\"6bf1e5b\" data-element_type=\"container\" data-settings=\"{&quot;background_background&quot;:&quot;slideshow&quot;,&quot;background_slideshow_gallery&quot;:[{&quot;id&quot;:644,&quot;url&quot;:&quot;https:\\\/\\\/carvalhoefreire.com.br\\\/wp-content\\\/uploads\\\/2025\\\/05\\\/tjdft2-scaled.png&quot;}],&quot;background_slideshow_loop&quot;:&quot;yes&quot;,&quot;background_slideshow_slide_duration&quot;:5000,&quot;background_slideshow_slide_transition&quot;:&quot;fade&quot;,&quot;background_slideshow_transition_duration&quot;:500}\">\n\t\t\t\t\t<div class=\"e-con-inner\">\n\t\t\t\t<div class=\"elementor-element elementor-element-08d2abe elementor-widget elementor-widget-heading\" data-id=\"08d2abe\" data-element_type=\"widget\" data-widget_type=\"heading.default\">\n\t\t\t\t<div class=\"elementor-widget-container\">\n\t\t\t\t\t<h2 class=\"elementor-heading-title elementor-size-default\">Track Your Case Online<\/h2>\t\t\t\t<\/div>\n\t\t\t\t<\/div>\n\t\t\t\t<div class=\"elementor-element elementor-element-e4b93db elementor-widget elementor-widget-text-editor\" data-id=\"e4b93db\" data-element_type=\"widget\" data-widget_type=\"text-editor.default\">\n\t\t\t\t<div class=\"elementor-widget-container\">\n\t\t\t\t\t\t\t\t\t<p class=\"translation-block\">Prioritizing transparency and easy access to information, we provide below the links to the public process consultation areas in the main courts. Through these official channels, you can track case progress, check deadlines, orders, and decisions directly in the respective court's system.<\/p><p data-start=\"574\" data-end=\"604\" class=\"\">To consult, have the following ready:<\/p><ul data-start=\"605\" data-end=\"695\">\n<li data-start=\"605\" data-end=\"642\" class=\"\">\n<p data-start=\"607\" data-end=\"642\" class=\"\">Case number (CNJ format);<\/p>\n<\/li>\n<li data-start=\"643\" data-end=\"663\" class=\"\">\n<p data-start=\"645\" data-end=\"663\" class=\"\">Names of the parties;<\/p>\n<\/li>\n<li data-start=\"664\" data-end=\"695\" class=\"\">\n<p data-start=\"666\" data-end=\"695\" class=\"\">CPF\/CNPJ (when requested).<\/p>\n<\/li>\n<\/ul><p>\n\n<\/p><p data-start=\"697\" data-end=\"872\" class=\"translation-block\"><strong> Important:<\/strong> If you have any doubts about how to locate your case or interpret the updates, please contact us. Our team is available to guide you.<\/p>\t\t\t\t\t\t\t\t<\/div>\n\t\t\t\t<\/div>\n\t\t\t\t\t<\/div>\n\t\t\t\t<\/div>\n\t\t<div class=\"elementor-element elementor-element-eda09be e-flex e-con-boxed wpr-particle-no wpr-jarallax-no wpr-parallax-no wpr-sticky-section-no elementor-invisible e-con e-parent\" data-id=\"eda09be\" data-element_type=\"container\" data-settings=\"{&quot;animation&quot;:&quot;slideInLeft&quot;}\">\n\t\t\t\t\t<div class=\"e-con-inner\">\n\t\t<div class=\"elementor-element elementor-element-141dddb e-con-full e-flex wpr-particle-no wpr-jarallax-no wpr-parallax-no wpr-sticky-section-no e-con e-child\" data-id=\"141dddb\" data-element_type=\"container\">\n\t\t\t\t<div class=\"elementor-element elementor-element-dcc37d5 elementor-widget elementor-widget-image\" data-id=\"dcc37d5\" data-element_type=\"widget\" data-widget_type=\"image.default\">\n\t\t\t\t<div class=\"elementor-widget-container\">\n\t\t\t\t\t\t\t\t\t\t\t\t\t\t\t\t<a href=\"https:\/\/pje-consultapublica.tjdft.jus.br\/consultapublica\/ConsultaPublica\/listView.seam\" target=\"_blank\">\n\t\t\t\t\t\t\t<img fetchpriority=\"high\" decoding=\"async\" width=\"670\" height=\"400\" src=\"https:\/\/carvalhoefreire.com.br\/wp-content\/uploads\/2025\/05\/TJDFT-1GRAU.png\" class=\"elementor-animation-shrink attachment-large size-large wp-image-650\" alt=\"\" srcset=\"https:\/\/carvalhoefreire.com.br\/wp-content\/uploads\/2025\/05\/TJDFT-1GRAU.png 670w, https:\/\/carvalhoefreire.com.br\/wp-content\/uploads\/2025\/05\/TJDFT-1GRAU-300x179.png 300w\" sizes=\"(max-width: 670px) 100vw, 670px\" \/>\t\t\t\t\t\t\t\t<\/a>\n\t\t\t\t\t\t\t\t\t\t\t\t\t\t\t<\/div>\n\t\t\t\t<\/div>\n\t\t\t\t<\/div>\n\t\t<div class=\"elementor-element elementor-element-7457dfa e-con-full e-flex wpr-particle-no wpr-jarallax-no wpr-parallax-no wpr-sticky-section-no e-con e-child\" data-id=\"7457dfa\" data-element_type=\"container\">\n\t\t\t\t<div class=\"elementor-element elementor-element-7582133 elementor-widget elementor-widget-image\" data-id=\"7582133\" data-element_type=\"widget\" data-widget_type=\"image.default\">\n\t\t\t\t<div class=\"elementor-widget-container\">\n\t\t\t\t\t\t\t\t\t\t\t\t\t\t\t\t<a href=\"https:\/\/pje2i-consultapublica.tjdft.jus.br\/consultapublica\/ConsultaPublica\/listView.seam\" target=\"_blank\">\n\t\t\t\t\t\t\t<img decoding=\"async\" width=\"670\" height=\"400\" src=\"https:\/\/carvalhoefreire.com.br\/wp-content\/uploads\/2025\/05\/TJDFT-2GRAU.png\" class=\"elementor-animation-shrink attachment-large size-large wp-image-651\" alt=\"\" srcset=\"https:\/\/carvalhoefreire.com.br\/wp-content\/uploads\/2025\/05\/TJDFT-2GRAU.png 670w, https:\/\/carvalhoefreire.com.br\/wp-content\/uploads\/2025\/05\/TJDFT-2GRAU-300x179.png 300w\" sizes=\"(max-width: 670px) 100vw, 670px\" \/>\t\t\t\t\t\t\t\t<\/a>\n\t\t\t\t\t\t\t\t\t\t\t\t\t\t\t<\/div>\n\t\t\t\t<\/div>\n\t\t\t\t<\/div>\n\t\t<div class=\"elementor-element elementor-element-c581350 e-con-full e-flex wpr-particle-no wpr-jarallax-no wpr-parallax-no wpr-sticky-section-no e-con e-child\" data-id=\"c581350\" data-element_type=\"container\">\n\t\t\t\t<div class=\"elementor-element elementor-element-8969695 elementor-widget elementor-widget-image\" data-id=\"8969695\" data-element_type=\"widget\" data-widget_type=\"image.default\">\n\t\t\t\t<div class=\"elementor-widget-container\">\n\t\t\t\t\t\t\t\t\t\t\t\t\t\t\t\t<a href=\"https:\/\/pje1g.trf1.jus.br\/consultapublica\/ConsultaPublica\/listView.seam\" target=\"_blank\">\n\t\t\t\t\t\t\t<img decoding=\"async\" width=\"670\" height=\"400\" src=\"https:\/\/carvalhoefreire.com.br\/wp-content\/uploads\/2025\/05\/TRF1-1GRAU.png\" class=\"elementor-animation-shrink attachment-large size-large wp-image-659\" alt=\"\" srcset=\"https:\/\/carvalhoefreire.com.br\/wp-content\/uploads\/2025\/05\/TRF1-1GRAU.png 670w, https:\/\/carvalhoefreire.com.br\/wp-content\/uploads\/2025\/05\/TRF1-1GRAU-300x179.png 300w\" sizes=\"(max-width: 670px) 100vw, 670px\" \/>\t\t\t\t\t\t\t\t<\/a>\n\t\t\t\t\t\t\t\t\t\t\t\t\t\t\t<\/div>\n\t\t\t\t<\/div>\n\t\t\t\t<\/div>\n\t\t<div class=\"elementor-element elementor-element-b808245 e-con-full e-flex wpr-particle-no wpr-jarallax-no wpr-parallax-no wpr-sticky-section-no e-con e-child\" data-id=\"b808245\" data-element_type=\"container\">\n\t\t\t\t<div class=\"elementor-element elementor-element-e3e1004 elementor-widget elementor-widget-image\" data-id=\"e3e1004\" data-element_type=\"widget\" data-widget_type=\"image.default\">\n\t\t\t\t<div class=\"elementor-widget-container\">\n\t\t\t\t\t\t\t\t\t\t\t\t\t\t\t\t<a href=\"https:\/\/pje2g.trf1.jus.br\/consultapublica\/ConsultaPublica\/listView.seam\" target=\"_blank\">\n\t\t\t\t\t\t\t<img loading=\"lazy\" decoding=\"async\" width=\"670\" height=\"400\" src=\"https:\/\/carvalhoefreire.com.br\/wp-content\/uploads\/2025\/05\/TRF1-2GRAU.png\" class=\"elementor-animation-shrink attachment-large size-large wp-image-660\" alt=\"\" srcset=\"https:\/\/carvalhoefreire.com.br\/wp-content\/uploads\/2025\/05\/TRF1-2GRAU.png 670w, https:\/\/carvalhoefreire.com.br\/wp-content\/uploads\/2025\/05\/TRF1-2GRAU-300x179.png 300w\" sizes=\"(max-width: 670px) 100vw, 670px\" \/>\t\t\t\t\t\t\t\t<\/a>\n\t\t\t\t\t\t\t\t\t\t\t\t\t\t\t<\/div>\n\t\t\t\t<\/div>\n\t\t\t\t<\/div>\n\t\t\t\t\t<\/div>\n\t\t\t\t<\/div>\n\t\t<div class=\"elementor-element elementor-element-a7274cf e-flex e-con-boxed wpr-particle-no wpr-jarallax-no wpr-parallax-no wpr-sticky-section-no elementor-invisible e-con e-parent\" data-id=\"a7274cf\" data-element_type=\"container\" data-settings=\"{&quot;shape_divider_bottom&quot;:&quot;tilt&quot;,&quot;animation&quot;:&quot;slideInRight&quot;}\">\n\t\t\t\t\t<div class=\"e-con-inner\">\n\t\t\t\t<div class=\"elementor-shape elementor-shape-bottom\" aria-hidden=\"true\" data-negative=\"false\">\n\t\t\t<svg xmlns=\"http:\/\/www.w3.org\/2000\/svg\" viewbox=\"0 0 1000 100\" preserveaspectratio=\"none\">\n\t<path class=\"elementor-shape-fill\" d=\"M0,6V0h1000v100L0,6z\"\/>\n<\/svg>\t\t<\/div>\n\t\t<div class=\"elementor-element elementor-element-b9d6a8e e-con-full e-flex wpr-particle-no wpr-jarallax-no wpr-parallax-no wpr-sticky-section-no e-con e-child\" data-id=\"b9d6a8e\" data-element_type=\"container\">\n\t\t\t\t<div class=\"elementor-element elementor-element-0954002 elementor-widget elementor-widget-image\" data-id=\"0954002\" data-element_type=\"widget\" data-widget_type=\"image.default\">\n\t\t\t\t<div class=\"elementor-widget-container\">\n\t\t\t\t\t\t\t\t\t\t\t\t\t\t\t\t<a href=\"https:\/\/pje.trt10.jus.br\/consultaprocessual\/\" target=\"_blank\">\n\t\t\t\t\t\t\t<img loading=\"lazy\" decoding=\"async\" width=\"670\" height=\"400\" src=\"https:\/\/carvalhoefreire.com.br\/wp-content\/uploads\/2025\/05\/TRT10-1GRAU.png\" class=\"elementor-animation-shrink attachment-large size-large wp-image-668\" alt=\"\" srcset=\"https:\/\/carvalhoefreire.com.br\/wp-content\/uploads\/2025\/05\/TRT10-1GRAU.png 670w, https:\/\/carvalhoefreire.com.br\/wp-content\/uploads\/2025\/05\/TRT10-1GRAU-300x179.png 300w\" sizes=\"(max-width: 670px) 100vw, 670px\" \/>\t\t\t\t\t\t\t\t<\/a>\n\t\t\t\t\t\t\t\t\t\t\t\t\t\t\t<\/div>\n\t\t\t\t<\/div>\n\t\t\t\t<\/div>\n\t\t<div class=\"elementor-element elementor-element-0d4a1f7 e-con-full e-flex wpr-particle-no wpr-jarallax-no wpr-parallax-no wpr-sticky-section-no e-con e-child\" data-id=\"0d4a1f7\" data-element_type=\"container\">\n\t\t\t\t<div class=\"elementor-element elementor-element-051fcc0 elementor-widget elementor-widget-image\" data-id=\"051fcc0\" data-element_type=\"widget\" data-widget_type=\"image.default\">\n\t\t\t\t<div class=\"elementor-widget-container\">\n\t\t\t\t\t\t\t\t\t\t\t\t\t\t\t\t<a href=\"https:\/\/pje.trt10.jus.br\/consultaprocessual\/\" target=\"_blank\">\n\t\t\t\t\t\t\t<img loading=\"lazy\" decoding=\"async\" width=\"670\" height=\"400\" src=\"https:\/\/carvalhoefreire.com.br\/wp-content\/uploads\/2025\/05\/TRT10-2GRAU.png\" class=\"elementor-animation-shrink attachment-large size-large wp-image-669\" alt=\"\" srcset=\"https:\/\/carvalhoefreire.com.br\/wp-content\/uploads\/2025\/05\/TRT10-2GRAU.png 670w, https:\/\/carvalhoefreire.com.br\/wp-content\/uploads\/2025\/05\/TRT10-2GRAU-300x179.png 300w\" sizes=\"(max-width: 670px) 100vw, 670px\" \/>\t\t\t\t\t\t\t\t<\/a>\n\t\t\t\t\t\t\t\t\t\t\t\t\t\t\t<\/div>\n\t\t\t\t<\/div>\n\t\t\t\t<\/div>\n\t\t<div class=\"elementor-element elementor-element-71a044f e-con-full e-flex wpr-particle-no wpr-jarallax-no wpr-parallax-no wpr-sticky-section-no e-con e-child\" data-id=\"71a044f\" data-element_type=\"container\">\n\t\t\t\t<div class=\"elementor-element elementor-element-543c144 elementor-widget elementor-widget-image\" data-id=\"543c144\" data-element_type=\"widget\" data-widget_type=\"image.default\">\n\t\t\t\t<div class=\"elementor-widget-container\">\n\t\t\t\t\t\t\t\t\t\t\t\t\t\t\t\t<a href=\"https:\/\/www.stj.jus.br\/sites\/portalp\/Processos\/Consulta-Processual\" target=\"_blank\">\n\t\t\t\t\t\t\t<img loading=\"lazy\" decoding=\"async\" width=\"670\" height=\"400\" src=\"https:\/\/carvalhoefreire.com.br\/wp-content\/uploads\/2025\/05\/STJ.png\" class=\"elementor-animation-shrink attachment-large size-large wp-image-670\" alt=\"\" srcset=\"https:\/\/carvalhoefreire.com.br\/wp-content\/uploads\/2025\/05\/STJ.png 670w, https:\/\/carvalhoefreire.com.br\/wp-content\/uploads\/2025\/05\/STJ-300x179.png 300w\" sizes=\"(max-width: 670px) 100vw, 670px\" \/>\t\t\t\t\t\t\t\t<\/a>\n\t\t\t\t\t\t\t\t\t\t\t\t\t\t\t<\/div>\n\t\t\t\t<\/div>\n\t\t\t\t<\/div>\n\t\t<div class=\"elementor-element elementor-element-c463afc e-con-full e-flex wpr-particle-no wpr-jarallax-no wpr-parallax-no wpr-sticky-section-no e-con e-child\" data-id=\"c463afc\" data-element_type=\"container\">\n\t\t\t\t<div class=\"elementor-element elementor-element-8deb2a3 elementor-widget elementor-widget-image\" data-id=\"8deb2a3\" data-element_type=\"widget\" data-widget_type=\"image.default\">\n\t\t\t\t<div class=\"elementor-widget-container\">\n\t\t\t\t\t\t\t\t\t\t\t\t\t\t\t\t<a href=\"https:\/\/portal.stf.jus.br\/processos\/\" target=\"_blank\">\n\t\t\t\t\t\t\t<img loading=\"lazy\" decoding=\"async\" width=\"670\" height=\"400\" src=\"https:\/\/carvalhoefreire.com.br\/wp-content\/uploads\/2025\/05\/stf-1.png\" class=\"elementor-animation-shrink attachment-large size-large wp-image-672\" alt=\"\" srcset=\"https:\/\/carvalhoefreire.com.br\/wp-content\/uploads\/2025\/05\/stf-1.png 670w, https:\/\/carvalhoefreire.com.br\/wp-content\/uploads\/2025\/05\/stf-1-300x179.png 300w\" sizes=\"(max-width: 670px) 100vw, 670px\" \/>\t\t\t\t\t\t\t\t<\/a>\n\t\t\t\t\t\t\t\t\t\t\t\t\t\t\t<\/div>\n\t\t\t\t<\/div>\n\t\t\t\t<\/div>\n\t\t\t\t\t<\/div>\n\t\t\t\t<\/div>\n\t\t\t\t<\/div>","protected":false},"excerpt":{"rendered":"<p>Acompanhe seu Processo Online Prezando pela transpar\u00eancia e pelo f\u00e1cil acesso \u00e0 informa\u00e7\u00e3o, disponibilizamos abaixo os links para as \u00e1reas de consulta p\u00fablica de processos nos principais tribunais. Atrav\u00e9s desses canais oficiais, voc\u00ea pode acompanhar o andamento processual, verificar prazos, despachos e decis\u00f5es diretamente no sistema do respectivo \u00f3rg\u00e3o. Para consultar, tenha em m\u00e3os: N\u00famero do processo (formato CNJ); Nome das partes; CPF\/CNPJ (quando solicitado). Importante: Caso tenha d\u00favidas sobre como localizar seu processo ou interpretar as movimenta\u00e7\u00f5es, entre em contato conosco. Nossa equipe est\u00e1 \u00e0 disposi\u00e7\u00e3o para orient\u00e1-lo.<\/p>","protected":false},"author":1,"featured_media":0,"parent":0,"menu_order":0,"comment_status":"closed","ping_status":"closed","template":"elementor_header_footer","meta":{"_acf_changed":false,"footnotes":""},"class_list":["post-208","page","type-page","status-publish","hentry"],"acf":[],"_links":{"self":[{"href":"https:\/\/carvalhoefreire.com.br\/en\/wp-json\/wp\/v2\/pages\/208","targetHints":{"allow":["GET"]}}],"collection":[{"href":"https:\/\/carvalhoefreire.com.br\/en\/wp-json\/wp\/v2\/pages"}],"about":[{"href":"https:\/\/carvalhoefreire.com.br\/en\/wp-json\/wp\/v2\/types\/page"}],"author":[{"embeddable":true,"href":"https:\/\/carvalhoefreire.com.br\/en\/wp-json\/wp\/v2\/users\/1"}],"replies":[{"embeddable":true,"href":"https:\/\/carvalhoefreire.com.br\/en\/wp-json\/wp\/v2\/comments?post=208"}],"version-history":[{"count":37,"href":"https:\/\/carvalhoefreire.com.br\/en\/wp-json\/wp\/v2\/pages\/208\/revisions"}],"predecessor-version":[{"id":1511,"href":"https:\/\/carvalhoefreire.com.br\/en\/wp-json\/wp\/v2\/pages\/208\/revisions\/1511"}],"wp:attachment":[{"href":"https:\/\/carvalhoefreire.com.br\/en\/wp-json\/wp\/v2\/media?parent=208"}],"curies":[{"name":"wp","href":"https:\/\/api.w.org\/{rel}","templated":true}]}}